{"id":3826,"date":"2021-04-29T12:16:00","date_gmt":"2021-04-29T09:16:00","guid":{"rendered":"https:\/\/guvenlilojistik.com\/en\/?page_id=3826"},"modified":"2021-06-01T09:33:08","modified_gmt":"2021-06-01T06:33:08","slug":"certificates","status":"publish","type":"page","link":"https:\/\/guvenlilojistik.com\/en\/?page_id=3826","title":{"rendered":"Certificates"},"content":{"rendered":"<div id='av_section_1'  class='avia-section main_color avia-section-default avia-no-border-styling  avia-bg-style-scroll  avia-builder-el-0  avia-builder-el-no-sibling   container_wrap sidebar_right' style=' '  ><div class='container' ><main  role=\"main\" itemprop=\"mainContentOfPage\"  class='template-page content  av-content-small alpha units'><div class='post-entry post-entry-type-page post-entry-3826'><div class='entry-content-wrapper clearfix'>\n<div  class='avia-gallery  avia-gallery-1 avia_lazyload avia-gallery-animate avia_animate_when_visible  avia-builder-el-1  avia-builder-el-no-sibling '  itemprop=\"image\" itemscope=\"itemscope\" itemtype=\"https:\/\/schema.org\/ImageObject\" ><div class='avia-gallery-thumb'> <a href='https:\/\/guvenlilojistik.com\/en\/wp-content\/uploads\/2021\/05\/B-GRUBU-YETKILI-ACENTE-SERTIFIKASI-1.jpg' data-rel='gallery-1' data-prev-img='https:\/\/guvenlilojistik.com\/en\/wp-content\/uploads\/2021\/05\/B-GRUBU-YETKILI-ACENTE-SERTIFIKASI-1-495x400.jpg' class='first_thumb lightbox ' data-onclick='1' title='B GRUBU YETK\u0130L\u0130 ACENTE SERT\u0130F\u0130KASI-1'  itemprop=\"thumbnailUrl\"  ><img decoding=\"async\" class=\"wp-image-3887 avia-img-lazy-loading-not-3887\"   src=\"https:\/\/guvenlilojistik.com\/en\/wp-content\/uploads\/2021\/05\/B-GRUBU-YETKILI-ACENTE-SERTIFIKASI-1-495x400.jpg\" width=\"495\" height=\"400\"  title='B GRUBU YETK\u0130L\u0130 ACENTE SERT\u0130F\u0130KASI-1' alt='' \/><\/a> <a href='https:\/\/guvenlilojistik.com\/en\/wp-content\/uploads\/2021\/05\/IATA-CERT.jpg' data-rel='gallery-1' data-prev-img='https:\/\/guvenlilojistik.com\/en\/wp-content\/uploads\/2021\/05\/IATA-CERT-495x400.jpg' class='lightbox ' data-onclick='2' title='IATA CERT'  itemprop=\"thumbnailUrl\"  ><img decoding=\"async\" class=\"wp-image-3888 avia-img-lazy-loading-not-3888\"   src=\"https:\/\/guvenlilojistik.com\/en\/wp-content\/uploads\/2021\/05\/IATA-CERT-495x400.jpg\" width=\"495\" height=\"400\"  title='IATA CERT' alt='' \/><\/a> <a href='https:\/\/guvenlilojistik.com\/en\/wp-content\/uploads\/2021\/05\/TIO-1TASIMA-ISLERI-ORG.jpg' data-rel='gallery-1' data-prev-img='https:\/\/guvenlilojistik.com\/en\/wp-content\/uploads\/2021\/05\/TIO-1TASIMA-ISLERI-ORG-495x400.jpg' class='lightbox ' data-onclick='3' title='TIO-1(TASIMA ISLERI ORG)'  itemprop=\"thumbnailUrl\"  ><img decoding=\"async\" class=\"wp-image-3889 avia-img-lazy-loading-not-3889\"   src=\"https:\/\/guvenlilojistik.com\/en\/wp-content\/uploads\/2021\/05\/TIO-1TASIMA-ISLERI-ORG-495x400.jpg\" width=\"495\" height=\"400\"  title='TIO-1(TASIMA ISLERI ORG)' alt='' \/><\/a> <a href='https:\/\/guvenlilojistik.com\/en\/wp-content\/uploads\/2021\/05\/2020-X2-Certificate-1.jpg' data-rel='gallery-1' data-prev-img='https:\/\/guvenlilojistik.com\/en\/wp-content\/uploads\/2021\/05\/2020-X2-Certificate-1-495x400.jpg' class='lightbox ' data-onclick='4' title='2020 X2 Certificate-1'  itemprop=\"thumbnailUrl\"  ><img decoding=\"async\" class=\"wp-image-3890 avia-img-lazy-loading-not-3890\"   src=\"https:\/\/guvenlilojistik.com\/en\/wp-content\/uploads\/2021\/05\/2020-X2-Certificate-1-495x400.jpg\" width=\"495\" height=\"400\"  title='2020 X2 Certificate-1' alt='' \/><\/a> <a href='https:\/\/guvenlilojistik.com\/en\/wp-content\/uploads\/2021\/05\/FNC-1.jpg' data-rel='gallery-1' data-prev-img='https:\/\/guvenlilojistik.com\/en\/wp-content\/uploads\/2021\/05\/FNC-1-495x400.jpg' class='lightbox ' data-onclick='5' title='FNC-1'  itemprop=\"thumbnailUrl\"  ><img decoding=\"async\" class=\"wp-image-3891 avia-img-lazy-loading-not-3891\"   src=\"https:\/\/guvenlilojistik.com\/en\/wp-content\/uploads\/2021\/05\/FNC-1-495x400.jpg\" width=\"495\" height=\"400\"  title='FNC-1' alt='' \/><\/a> <a href='https:\/\/guvenlilojistik.com\/en\/wp-content\/uploads\/2021\/05\/WCA-TIME-CRITICAL.jpg' data-rel='gallery-1' data-prev-img='https:\/\/guvenlilojistik.com\/en\/wp-content\/uploads\/2021\/05\/WCA-TIME-CRITICAL-495x400.jpg' class='first_thumb lightbox ' data-onclick='6' title='WCA TIME CRITICAL'  itemprop=\"thumbnailUrl\"  ><img decoding=\"async\" class=\"wp-image-3892 avia-img-lazy-loading-not-3892\"   src=\"https:\/\/guvenlilojistik.com\/en\/wp-content\/uploads\/2021\/05\/WCA-TIME-CRITICAL-495x400.jpg\" width=\"495\" height=\"400\"  title='WCA TIME CRITICAL' alt='' \/><\/a> <a href='https:\/\/guvenlilojistik.com\/en\/wp-content\/uploads\/2021\/05\/WCA-1.jpg' data-rel='gallery-1' data-prev-img='https:\/\/guvenlilojistik.com\/en\/wp-content\/uploads\/2021\/05\/WCA-1-495x400.jpg' class='lightbox ' data-onclick='7' title='WCA-1'  itemprop=\"thumbnailUrl\"  ><img decoding=\"async\" class=\"wp-image-3893 avia-img-lazy-loading-not-3893\"   src=\"https:\/\/guvenlilojistik.com\/en\/wp-content\/uploads\/2021\/05\/WCA-1-495x400.jpg\" width=\"495\" height=\"400\"  title='WCA-1' alt='' \/><\/a> <a href='https:\/\/guvenlilojistik.com\/en\/wp-content\/uploads\/2021\/05\/GDP-Certificate_Module-2.11_7-8-January-2021_AALPER-OZKALKAN-Copy-1.jpg' data-rel='gallery-1' data-prev-img='https:\/\/guvenlilojistik.com\/en\/wp-content\/uploads\/2021\/05\/GDP-Certificate_Module-2.11_7-8-January-2021_AALPER-OZKALKAN-Copy-1-495x400.jpg' class='lightbox ' data-onclick='8' title='GDP Certificate_Module 2.11_7 - 8 January 2021_AALPER OZKALKAN - Copy-1'  itemprop=\"thumbnailUrl\"  ><img decoding=\"async\" class=\"wp-image-3894 avia-img-lazy-loading-not-3894\"   src=\"https:\/\/guvenlilojistik.com\/en\/wp-content\/uploads\/2021\/05\/GDP-Certificate_Module-2.11_7-8-January-2021_AALPER-OZKALKAN-Copy-1-495x400.jpg\" width=\"495\" height=\"400\"  title='GDP Certificate_Module 2.11_7 - 8 January 2021_AALPER OZKALKAN - Copy-1' alt='' \/><\/a> <a href='https:\/\/guvenlilojistik.com\/en\/wp-content\/uploads\/2021\/05\/GDP-Certificate_Module-2.11_7-8-January-2021_ALI-YIGIT-Copy-1.jpg' data-rel='gallery-1' data-prev-img='https:\/\/guvenlilojistik.com\/en\/wp-content\/uploads\/2021\/05\/GDP-Certificate_Module-2.11_7-8-January-2021_ALI-YIGIT-Copy-1-495x400.jpg' class='lightbox ' data-onclick='9' title='GDP Certificate_Module 2.11_7 - 8 January 2021_ALI YIGIT - Copy-1'  itemprop=\"thumbnailUrl\"  ><img decoding=\"async\" class=\"wp-image-3896 avia-img-lazy-loading-not-3896\"   src=\"https:\/\/guvenlilojistik.com\/en\/wp-content\/uploads\/2021\/05\/GDP-Certificate_Module-2.11_7-8-January-2021_ALI-YIGIT-Copy-1-495x400.jpg\" width=\"495\" height=\"400\"  title='GDP Certificate_Module 2.11_7 - 8 January 2021_ALI YIGIT - Copy-1' alt='' \/><\/a><\/div><\/div>\n<\/div><\/div><\/main><!-- close content main element --><\/div><\/div><div id='after_section_1'  class='main_color av_default_container_wrap container_wrap sidebar_right' style=' '  ><div class='container' ><div class='template-page content  av-content-small alpha units'><div class='post-entry post-entry-type-page post-entry-3826'><div class='entry-content-wrapper clearfix'>\n","protected":false},"excerpt":{"rendered":"","protected":false},"author":1,"featured_media":0,"parent":0,"menu_order":0,"comment_status":"closed","ping_status":"closed","template":"","meta":{"footnotes":""},"class_list":["post-3826","page","type-page","status-publish","hentry"],"_links":{"self":[{"href":"https:\/\/guvenlilojistik.com\/en\/index.php?rest_route=\/wp\/v2\/pages\/3826","targetHints":{"allow":["GET"]}}],"collection":[{"href":"https:\/\/guvenlilojistik.com\/en\/index.php?rest_route=\/wp\/v2\/pages"}],"about":[{"href":"https:\/\/guvenlilojistik.com\/en\/index.php?rest_route=\/wp\/v2\/types\/page"}],"author":[{"embeddable":true,"href":"https:\/\/guvenlilojistik.com\/en\/index.php?rest_route=\/wp\/v2\/users\/1"}],"replies":[{"embeddable":true,"href":"https:\/\/guvenlilojistik.com\/en\/index.php?rest_route=%2Fwp%2Fv2%2Fcomments&post=3826"}],"version-history":[{"count":8,"href":"https:\/\/guvenlilojistik.com\/en\/index.php?rest_route=\/wp\/v2\/pages\/3826\/revisions"}],"predecessor-version":[{"id":3953,"href":"https:\/\/guvenlilojistik.com\/en\/index.php?rest_route=\/wp\/v2\/pages\/3826\/revisions\/3953"}],"wp:attachment":[{"href":"https:\/\/guvenlilojistik.com\/en\/index.php?rest_route=%2Fwp%2Fv2%2Fmedia&parent=3826"}],"curies":[{"name":"wp","href":"https:\/\/api.w.org\/{rel}","templated":true}]}}