{"id":3659,"date":"2021-04-15T10:05:08","date_gmt":"2021-04-15T07:05:08","guid":{"rendered":"https:\/\/guvenlilojistik.com\/en\/?page_id=3659"},"modified":"2021-06-01T11:03:18","modified_gmt":"2021-06-01T08:03:18","slug":"contact","status":"publish","type":"page","link":"https:\/\/guvenlilojistik.com\/en\/?page_id=3659","title":{"rendered":"Contact"},"content":{"rendered":"<div  class='av_gmaps_sc_main_wrap av_gmaps_main_wrap '><div id='av_gmap_0' class='avia-google-map-container avia-google-map-sc av_gmaps_show_unconditionally av-no-fallback-img ' data-mapid='av_gmap_0'  style='height: 600px;'><a class=\"av_gmaps_browser_disabled av_text_confirm_link av_text_confirm_link_visible\" href=\"https:\/\/www.google.com\/maps\/search\/?api=1&#038;query=At\u0131f%20Bey%20Mah.%2067%20sokak%20No:47%20K:6\/601%20MIA%20Plaza%20Gaziemir\/\u0130zmir%20-%20T\u00fcrkiye\" target=\"_blank\" rel=\"noopener\">Maps were disabled by the visitor on this site. Click to open the map in a new window.<\/a><\/div><\/div>\n<div id='zemin'  class='avia-section main_color avia-section-default avia-no-border-styling  avia-bg-style-scroll  avia-builder-el-1  el_after_av_google_map  el_before_av_section  zemin  container_wrap sidebar_right' style=' '  ><div class='container' ><div class='template-page content  av-content-small alpha units'><div class='post-entry post-entry-type-page post-entry-3659'><div class='entry-content-wrapper clearfix'>\n<div class='flex_column_table av-equal-height-column-flextable -flextable' style='margin-top:-150px; margin-bottom:0px; '><div class=\"flex_column av_one_half  flex_column_table_cell av-equal-height-column av-align-top first  avia-builder-el-2  el_before_av_one_fourth  avia-builder-el-first  \" style='background: #ffffff; padding:30px 30px 5px 30px ; background-color:#ffffff; border-radius:30px; ' id=\"teklifformu\" ><form action=\"https:\/\/guvenlilojistik.com\/en\/?page_id=3659\" method=\"post\"  class=\"avia_ajax_form av-form-labels-hidden   avia-builder-el-3  avia-builder-el-no-sibling   \" data-avia-form-id=\"1\" data-avia-redirect='' ><fieldset><p class='  first_form  form_element form_fullwidth' id='element_avia_1_1'><label for=\"avia_1_1\">Name Surname <abbr class=\"required\" title=\"Zorunlu\">*<\/abbr><\/label> <input name=\"avia_1_1\" class=\"text_input is_empty\" type=\"text\" id=\"avia_1_1\" value=\"\"  placeholder='Name Surname*'\/><\/p><p class='  first_form  form_element form_fullwidth' id='element_avia_2_1'><label for=\"avia_2_1\">E-mail<\/label> <input name=\"avia_2_1\" class=\"text_input \" type=\"text\" id=\"avia_2_1\" value=\"\"  placeholder='E-mail'\/><\/p><p class='  first_form  form_element form_fullwidth' id='element_avia_3_1'><label for=\"avia_3_1\">Subject <abbr class=\"required\" title=\"Zorunlu\">*<\/abbr><\/label> <input name=\"avia_3_1\" class=\"text_input is_empty\" type=\"text\" id=\"avia_3_1\" value=\"\"  placeholder='Subject*'\/><\/p><p class='  first_form  form_element form_fullwidth av-last-visible-form-element' id='element_avia_4_1'><label for=\"avia_4_1\" class=\"textare_label hidden textare_label_avia_4_1\">Message <abbr class=\"required\" title=\"Zorunlu\">*<\/abbr><\/label><textarea  placeholder='Message*' name=\"avia_4_1\" class=\"text_area is_empty\" cols=\"40\" rows=\"7\" id=\"avia_4_1\" ><\/textarea><\/p><p class=\"hidden\"><input type=\"text\" name=\"avia_5_1\" class=\"hidden \" id=\"avia_5_1\" value=\"\" \/><\/p><p class=\"form_element \"><input type=\"hidden\" value=\"1\" name=\"avia_generated_form1\" \/><input type=\"submit\" value=\"Send\" class=\"button\"  data-sending-label=\"G\u00f6nderiliyor\"\/><\/p><\/fieldset><\/form><div id=\"ajaxresponse_1\" class=\"ajaxresponse ajaxresponse_1 hidden\"><\/div><\/div><div class='av-flex-placeholder'><\/div><div class=\"flex_column av_one_fourth  flex_column_table_cell av-equal-height-column av-align-top av-zero-column-padding   avia-builder-el-4  el_after_av_one_half  el_before_av_one_fourth  \" style='border-radius:0px; '><p><div  style='height:150px' class='hr hr-invisible   avia-builder-el-5  el_before_av_heading  avia-builder-el-first '><span class='hr-inner ' ><span class='hr-inner-style'><\/span><\/span><\/div><br \/>\n<div  style='padding-bottom:0px; margin: 0PX 0PX 0PX 0PX;color:#bb2929;font-size:20px;' class='av-special-heading av-special-heading-h3 custom-color-heading blockquote modern-quote  avia-builder-el-6  el_after_av_hr  el_before_av_iconlist  av-inherit-size '><h3 class='av-special-heading-tag '  itemprop=\"headline\"  >\u0130ZM\u0130R OFFICE<\/h3><div class='special-heading-border'><div class='special-heading-inner-border' style='border-color:#bb2929'><\/div><\/div><\/div><br \/>\n<div  class='avia-icon-list-container   avia-builder-el-7  el_after_av_heading  el_before_av_heading '><ul class='avia-icon-list avia-icon-list-left av-iconlist-small avia_animate_when_almost_visible avia-iconlist-animate'>\n<li><div  style='color:#242128; ' class='iconlist_icon  avia-font-simple-line-icons'><span class='iconlist-char ' aria-hidden='true' data-av_icon='\ue031' data-av_iconfont='simple-line-icons'><\/span><\/div><article class=\"article-icon-entry av-iconlist-empty\"  itemscope=\"itemscope\" itemtype=\"https:\/\/schema.org\/CreativeWork\" ><div class='iconlist_content_wrap'><header class=\"entry-content-header\"><div class='av_iconlist_title iconlist_title_small  av_inherit_color '  itemprop=\"headline\"   style='color:#242128; '>At\u0131f Bey Mah. 67 sokak No:47 K:6\/601 MIA Plaza<br \/>\nGaziemir \/ \u0130zmir \/ T\u00fcrkiye<\/div><\/header><div class='iconlist_content av_inherit_color '  itemprop=\"text\"   style='color:#242128; '><\/div><\/div><footer class=\"entry-footer\"><\/footer><\/article><div class='iconlist-timeline'><\/div><\/li>\n<li><div  style='color:#242128; ' class='iconlist_icon  avia-font-simple-line-icons'><span class='iconlist-char ' aria-hidden='true' data-av_icon='\ue047' data-av_iconfont='simple-line-icons'><\/span><\/div><article class=\"article-icon-entry av-iconlist-empty\"  itemscope=\"itemscope\" itemtype=\"https:\/\/schema.org\/CreativeWork\" ><div class='iconlist_content_wrap'><header class=\"entry-content-header\"><div class='av_iconlist_title iconlist_title_small  av_inherit_color '  itemprop=\"headline\"   style='color:#242128; '>+90 232 463 79 11<\/div><\/header><div class='iconlist_content av_inherit_color '  itemprop=\"text\"   style='color:#242128; '><\/div><\/div><footer class=\"entry-footer\"><\/footer><\/article><div class='iconlist-timeline'><\/div><\/li>\n<li><div  style='color:#242128; ' class='iconlist_icon  avia-font-simple-line-icons'><span class='iconlist-char ' aria-hidden='true' data-av_icon='\ue02e' data-av_iconfont='simple-line-icons'><\/span><\/div><article class=\"article-icon-entry av-iconlist-empty\"  itemscope=\"itemscope\" itemtype=\"https:\/\/schema.org\/CreativeWork\" ><div class='iconlist_content_wrap'><header class=\"entry-content-header\"><div class='av_iconlist_title iconlist_title_small  av_inherit_color '  itemprop=\"headline\"   style='color:#242128; '>+90 232 422 50 22<\/div><\/header><div class='iconlist_content av_inherit_color '  itemprop=\"text\"   style='color:#242128; '><\/div><\/div><footer class=\"entry-footer\"><\/footer><\/article><div class='iconlist-timeline'><\/div><\/li>\n<li><div  style='color:#242128; ' class='iconlist_icon  avia-font-simple-line-icons'><span class='iconlist-char ' aria-hidden='true' data-av_icon='\ue01f' data-av_iconfont='simple-line-icons'><\/span><\/div><article class=\"article-icon-entry av-iconlist-empty\"  itemscope=\"itemscope\" itemtype=\"https:\/\/schema.org\/CreativeWork\" ><div class='iconlist_content_wrap'><header class=\"entry-content-header\"><div class='av_iconlist_title iconlist_title_small  av_inherit_color '  itemprop=\"headline\"   style='color:#242128; '><a href='mailto:mailto:guvenli@guvenlilojistik.com' title='guvenli@guvenlilojistik.com'>guvenli@guvenlilojistik.com<\/a><\/div><\/header><div class='iconlist_content av_inherit_color '  itemprop=\"text\"   style='color:#242128; '><\/div><\/div><footer class=\"entry-footer\"><\/footer><\/article><div class='iconlist-timeline'><\/div><\/li>\n<\/ul><\/div><br \/>\n<div  style='padding-bottom:0px; margin: 0PX 0PX 0PX 0PX;color:#bb2929;font-size:20px;' class='av-special-heading av-special-heading-h3 custom-color-heading blockquote modern-quote  avia-builder-el-8  el_after_av_iconlist  el_before_av_iconlist  av-inherit-size '><h3 class='av-special-heading-tag '  itemprop=\"headline\"  >\u0130STANBUL AIRPORT OFFICE<\/h3><div class='special-heading-border'><div class='special-heading-inner-border' style='border-color:#bb2929'><\/div><\/div><\/div><br \/>\n<div  class='avia-icon-list-container   avia-builder-el-9  el_after_av_heading  avia-builder-el-last '><ul class='avia-icon-list avia-icon-list-left av-iconlist-small avia_animate_when_almost_visible avia-iconlist-animate'>\n<li><div  style='color:#242128; ' class='iconlist_icon  avia-font-simple-line-icons'><span class='iconlist-char ' aria-hidden='true' data-av_icon='\ue031' data-av_iconfont='simple-line-icons'><\/span><\/div><article class=\"article-icon-entry av-iconlist-empty\"  itemscope=\"itemscope\" itemtype=\"https:\/\/schema.org\/CreativeWork\" ><div class='iconlist_content_wrap'><header class=\"entry-content-header\"><div class='av_iconlist_title iconlist_title_small  av_inherit_color '  itemprop=\"headline\"   style='color:#242128; '>Tayakad\u0131n Mahallesi Nuri Demira\u011f Caddesi Bina No:33 \u0130\u00e7 Kap\u0131 No:289 Arnavutk\u00f6y, \u0130stanbul, T\u00fcrkiye<\/div><\/header><div class='iconlist_content av_inherit_color '  itemprop=\"text\"   style='color:#242128; '><\/div><\/div><footer class=\"entry-footer\"><\/footer><\/article><div class='iconlist-timeline'><\/div><\/li>\n<\/ul><\/div><\/p><\/div><div class='av-flex-placeholder'><\/div><div class=\"flex_column av_one_fourth  flex_column_table_cell av-equal-height-column av-align-top av-zero-column-padding   avia-builder-el-10  el_after_av_one_fourth  avia-builder-el-last  \" style='border-radius:0px; '><p><div  style='height:150px' class='hr hr-invisible   avia-builder-el-11  el_before_av_heading  avia-builder-el-first '><span class='hr-inner ' ><span class='hr-inner-style'><\/span><\/span><\/div><br \/>\n<div  style='padding-bottom:0px; margin: 0PX 0PX 0PX 0PX;color:#bb2929;font-size:20px;' class='av-special-heading av-special-heading-h3 custom-color-heading blockquote modern-quote  avia-builder-el-12  el_after_av_hr  el_before_av_iconlist  av-inherit-size '><h3 class='av-special-heading-tag '  itemprop=\"headline\"  >\u0130STANBUL OFFICE<\/h3><div class='special-heading-border'><div class='special-heading-inner-border' style='border-color:#bb2929'><\/div><\/div><\/div><br \/>\n<div  class='avia-icon-list-container   avia-builder-el-13  el_after_av_heading  avia-builder-el-last '><ul class='avia-icon-list avia-icon-list-left av-iconlist-small avia_animate_when_almost_visible avia-iconlist-animate'>\n<li><div  style='color:#242128; ' class='iconlist_icon  avia-font-simple-line-icons'><span class='iconlist-char ' aria-hidden='true' data-av_icon='\ue031' data-av_iconfont='simple-line-icons'><\/span><\/div><article class=\"article-icon-entry av-iconlist-empty\"  itemscope=\"itemscope\" itemtype=\"https:\/\/schema.org\/CreativeWork\" ><div class='iconlist_content_wrap'><header class=\"entry-content-header\"><div class='av_iconlist_title iconlist_title_small  av_inherit_color '  itemprop=\"headline\"   style='color:#242128; '>E\u011fitim Mah. Ad\u0131m Sk. Orjin \u0130\u015f Mrk. Apt. No:10-18 D:19 K-1<br \/>\nKad\u0131k\u00f6y \/ \u0130stanbul \/ Turkiye<\/div><\/header><div class='iconlist_content av_inherit_color '  itemprop=\"text\"   style='color:#242128; '><\/div><\/div><footer class=\"entry-footer\"><\/footer><\/article><div class='iconlist-timeline'><\/div><\/li>\n<li><div  style='color:#242128; ' class='iconlist_icon  avia-font-simple-line-icons'><span class='iconlist-char ' aria-hidden='true' data-av_icon='\ue047' data-av_iconfont='simple-line-icons'><\/span><\/div><article class=\"article-icon-entry av-iconlist-empty\"  itemscope=\"itemscope\" itemtype=\"https:\/\/schema.org\/CreativeWork\" ><div class='iconlist_content_wrap'><header class=\"entry-content-header\"><div class='av_iconlist_title iconlist_title_small  av_inherit_color '  itemprop=\"headline\"   style='color:#242128; '>+90 216 410 15 74<\/div><\/header><div class='iconlist_content av_inherit_color '  itemprop=\"text\"   style='color:#242128; '><\/div><\/div><footer class=\"entry-footer\"><\/footer><\/article><div class='iconlist-timeline'><\/div><\/li>\n<li><div  style='color:#242128; ' class='iconlist_icon  avia-font-simple-line-icons'><span class='iconlist-char ' aria-hidden='true' data-av_icon='\ue047' data-av_iconfont='simple-line-icons'><\/span><\/div><article class=\"article-icon-entry av-iconlist-empty\"  itemscope=\"itemscope\" itemtype=\"https:\/\/schema.org\/CreativeWork\" ><div class='iconlist_content_wrap'><header class=\"entry-content-header\"><div class='av_iconlist_title iconlist_title_small  av_inherit_color '  itemprop=\"headline\"   style='color:#242128; '>+90 216 336 15 76<\/div><\/header><div class='iconlist_content av_inherit_color '  itemprop=\"text\"   style='color:#242128; '><\/div><\/div><footer class=\"entry-footer\"><\/footer><\/article><div class='iconlist-timeline'><\/div><\/li>\n<li><div  style='color:#242128; ' class='iconlist_icon  avia-font-simple-line-icons'><span class='iconlist-char ' aria-hidden='true' data-av_icon='\ue02e' data-av_iconfont='simple-line-icons'><\/span><\/div><article class=\"article-icon-entry av-iconlist-empty\"  itemscope=\"itemscope\" itemtype=\"https:\/\/schema.org\/CreativeWork\" ><div class='iconlist_content_wrap'><header class=\"entry-content-header\"><div class='av_iconlist_title iconlist_title_small  av_inherit_color '  itemprop=\"headline\"   style='color:#242128; '>+90 216 410 15 80<\/div><\/header><div class='iconlist_content av_inherit_color '  itemprop=\"text\"   style='color:#242128; '><\/div><\/div><footer class=\"entry-footer\"><\/footer><\/article><div class='iconlist-timeline'><\/div><\/li>\n<li><div  style='color:#242128; ' class='iconlist_icon  avia-font-simple-line-icons'><span class='iconlist-char ' aria-hidden='true' data-av_icon='\ue01f' data-av_iconfont='simple-line-icons'><\/span><\/div><article class=\"article-icon-entry av-iconlist-empty\"  itemscope=\"itemscope\" itemtype=\"https:\/\/schema.org\/CreativeWork\" ><div class='iconlist_content_wrap'><header class=\"entry-content-header\"><div class='av_iconlist_title iconlist_title_small  av_inherit_color '  itemprop=\"headline\"   style='color:#242128; '><a href='mailto:mailto:guvenli@guvenlilojistik.com' title='guvenli@guvenlilojistik.com'>guvenli@guvenlilojistik.com<\/a><\/div><\/header><div class='iconlist_content av_inherit_color '  itemprop=\"text\"   style='color:#242128; '><\/div><\/div><footer class=\"entry-footer\"><\/footer><\/article><div class='iconlist-timeline'><\/div><\/li>\n<\/ul><\/div><\/p><\/div><\/div><!--close column table wrapper. Autoclose: 1 -->\n\n<\/div><\/div><\/div><!-- close content main div --><\/div><\/div><div id='av_section_2'  class='avia-section main_color avia-section-default avia-no-border-styling  avia-bg-style-scroll  avia-builder-el-14  el_after_av_section  el_before_av_section   container_wrap sidebar_right' style='background-color: #242128;  '  ><div class='container' ><div class='template-page content  av-content-small alpha units'><div class='post-entry post-entry-type-page post-entry-3659'><div class='entry-content-wrapper clearfix'>\n<div class=\"flex_column av_one_third  flex_column_div av-zero-column-padding first  avia-builder-el-15  el_before_av_one_third  avia-builder-el-first  \" style='border-radius:0px; '><div  id=\"footerlogo\"  class='avia-image-container  av-styling-no-styling    avia-builder-el-16  avia-builder-el-no-sibling  footerlogo avia-align-left '  itemprop=\"image\" itemscope=\"itemscope\" itemtype=\"https:\/\/schema.org\/ImageObject\"  ><div class='avia-image-container-inner'><div class='avia-image-overlay-wrap'><img decoding=\"async\" class='wp-image-3541 avia-img-lazy-loading-not-3541 avia_image' src=\"https:\/\/guvenlilojistik.com\/en\/wp-content\/uploads\/2021\/04\/logo-white.svg\" alt='' title='logo-white' height=\"250\" width=\"455\"  itemprop=\"thumbnailUrl\"  \/><\/div><\/div><\/div><\/div><div class=\"flex_column av_one_third  flex_column_div av-zero-column-padding   avia-builder-el-17  el_after_av_one_third  el_before_av_one_third  footeryazi \" style='border-radius:0px; ' id=\"footeryazi\" ><section class=\"av_textblock_section \"  id=\"footeryazi\"  itemscope=\"itemscope\" itemtype=\"https:\/\/schema.org\/CreativeWork\" ><div class='avia_textblock footeryazi av_inherit_color '  style='color:#ffffff; '  itemprop=\"text\" ><p style=\"text-align: right;\">To subscribe, please sign up for our e-mail newsletter!<\/p>\n<\/div><\/section><\/div><div class=\"flex_column av_one_third  flex_column_div av-zero-column-padding   avia-builder-el-19  el_after_av_one_third  el_before_av_hr  \" style='border-radius:0px; '><form action=\"https:\/\/guvenlilojistik.com\/en\/?page_id=3659\" method=\"post\"  class=\"avia_ajax_form av-form-labels-hidden   avia-builder-el-20  avia-builder-el-no-sibling   \" data-avia-form-id=\"2\" data-avia-redirect='' ><fieldset><p class='  first_form  form_element form_element_two_third av-last-visible-form-element' id='element_avia_1_2'><label for=\"avia_1_2\">e-mail <abbr class=\"required\" title=\"Zorunlu\">*<\/abbr><\/label> <input name=\"avia_1_2\" class=\"text_input is_empty\" type=\"text\" id=\"avia_1_2\" value=\"\"  placeholder='e-mail*'\/><\/p><p class=\"hidden\"><input type=\"text\" name=\"avia_2_2\" class=\"hidden \" id=\"avia_2_2\" value=\"\" \/><\/p><p class=\"form_element form_element_third modified_width\"><input type=\"hidden\" value=\"1\" name=\"avia_generated_form2\" \/><input type=\"submit\" value=\"Register\" class=\"button\"  data-sending-label=\"G\u00f6nderiliyor\"\/><\/p><\/fieldset><\/form><div id=\"ajaxresponse_2\" class=\"ajaxresponse ajaxresponse_2 hidden\"><\/div><\/div><div  style=' margin-top:0px; margin-bottom:20px;'  class='hr hr-custom hr-center hr-icon-no   avia-builder-el-21  el_after_av_one_third  el_before_av_one_fourth '><span class='hr-inner  inner-border-av-border-fat' style=' width:5000px; border-color:#292929;' ><span class='hr-inner-style'><\/span><\/span><\/div>\n<div class=\"flex_column av_one_fourth  flex_column_div av-zero-column-padding first  avia-builder-el-22  el_after_av_hr  avia-builder-el-last  \" style='border-radius:0px; '><\/div>\n\n<\/div><\/div><\/div><!-- close content main div --><\/div><\/div><div id='av_section_3'  class='avia-section main_color avia-section-no-padding avia-no-border-styling  avia-bg-style-scroll   container_wrap sidebar_right' style='background-color: #242128;  '  ><div class='container' ><div class='template-page content  av-content-small alpha units'><div class='post-entry post-entry-type-page post-entry-3659'><div class='entry-content-wrapper clearfix'>\n<div  style=' margin-top:0px; margin-bottom:10px;'  class='hr hr-custom hr-center hr-icon-no  '><span class='hr-inner  inner-border-av-border-fat' style=' width:5000px; border-color:#242128;' ><span class='hr-inner-style'><\/span><\/span><\/div>\n\n<\/div><\/div><\/div><!-- close content main div --><\/div><\/div><div id='after_section_3'  class='main_color av_default_container_wrap container_wrap sidebar_right' style=' '  ><div class='container' ><div class='template-page content  av-content-small alpha units'><div class='post-entry post-entry-type-page post-entry-3659'><div class='entry-content-wrapper clearfix'>\n","protected":false},"excerpt":{"rendered":"","protected":false},"author":1,"featured_media":0,"parent":0,"menu_order":0,"comment_status":"closed","ping_status":"closed","template":"","meta":{"footnotes":""},"class_list":["post-3659","page","type-page","status-publish","hentry"],"_links":{"self":[{"href":"https:\/\/guvenlilojistik.com\/en\/index.php?rest_route=\/wp\/v2\/pages\/3659","targetHints":{"allow":["GET"]}}],"collection":[{"href":"https:\/\/guvenlilojistik.com\/en\/index.php?rest_route=\/wp\/v2\/pages"}],"about":[{"href":"https:\/\/guvenlilojistik.com\/en\/index.php?rest_route=\/wp\/v2\/types\/page"}],"author":[{"embeddable":true,"href":"https:\/\/guvenlilojistik.com\/en\/index.php?rest_route=\/wp\/v2\/users\/1"}],"replies":[{"embeddable":true,"href":"https:\/\/guvenlilojistik.com\/en\/index.php?rest_route=%2Fwp%2Fv2%2Fcomments&post=3659"}],"version-history":[{"count":50,"href":"https:\/\/guvenlilojistik.com\/en\/index.php?rest_route=\/wp\/v2\/pages\/3659\/revisions"}],"predecessor-version":[{"id":3976,"href":"https:\/\/guvenlilojistik.com\/en\/index.php?rest_route=\/wp\/v2\/pages\/3659\/revisions\/3976"}],"wp:attachment":[{"href":"https:\/\/guvenlilojistik.com\/en\/index.php?rest_route=%2Fwp%2Fv2%2Fmedia&parent=3659"}],"curies":[{"name":"wp","href":"https:\/\/api.w.org\/{rel}","templated":true}]}}